{"id":43,"date":"2022-04-08T00:27:31","date_gmt":"2022-04-07T22:27:31","guid":{"rendered":"http:\/\/centrerenaitsens.com\/index.php\/page\/"},"modified":"2024-09-13T14:34:39","modified_gmt":"2024-09-13T12:34:39","slug":"tarifs","status":"publish","type":"page","link":"https:\/\/centrerenaitsens.com\/index.php\/tarifs\/","title":{"rendered":"Tarifs"},"content":{"rendered":"\n<p class=\"has-black-color has-text-color\">Voici la liste des tarifs du Centre Renait&rsquo;Sens <\/p>\n\n\n\n<p class=\"has-black-color has-text-color\">Nos prestations ne sont pas rembours\u00e9es par la s\u00e9curit\u00e9 sociale mais beaucoup de mutuelles remboursent les s\u00e9ances, renseignez vous aupr\u00e8s de la votre .<\/p>\n\n\n\n<div class=\"wp-block-columns alignwide is-layout-flex wp-container-core-columns-is-layout-9d6595d7 wp-block-columns-is-layout-flex\">\n<div class=\"wp-block-column has-background has-link-color wp-elements-5efb70637ac82435fee94be71c74f257 is-layout-flow wp-block-column-is-layout-flow\" style=\"background:linear-gradient(125deg,rgb(146,211,194) 0%,rgb(0,172,141) 100%);padding-top:2em;padding-right:2em;padding-bottom:2em;padding-left:2em;flex-basis:30%\">\n<h2 class=\"wp-block-heading has-text-align-center\" id=\"single\" style=\"font-size:25px\"><strong>Naturopathie <\/strong><\/h2>\n\n\n\n<hr class=\"wp-block-separator has-text-color has-black-color has-css-opacity has-black-background-color has-background\"\/>\n\n\n\n<div class=\"wp-block-columns is-layout-flex wp-container-core-columns-is-layout-9d6595d7 wp-block-columns-is-layout-flex\">\n<div class=\"wp-block-column is-layout-flow wp-block-column-is-layout-flow\" style=\"flex-basis:100%\">\n<p class=\"has-text-align-center has-black-color has-text-color\"><strong>Bilan Naturopathique adulte <\/strong> + seance relaxation<br>Dur\u00e9e : 2h Tarif : 80\u20ac<\/p>\n\n\n\n<p class=\"has-text-align-center has-black-color has-text-color\"><strong>Bilan Naturo enfant <\/strong><em>(jusqu&rsquo;\u00e0 15 ans )<\/em><br>Dur\u00e9e : 1h30<\/p>\n\n\n\n<p class=\"has-text-align-center has-black-color has-text-color\"> Tarif : 70\u20ac<\/p>\n\n\n\n<p class=\"has-text-align-center has-black-color has-text-color\"><strong>Suivi naturo adulte<\/strong><br>Dur\u00e9e : 1h Tarif : 60\u20ac<\/p>\n\n\n\n<p class=\"has-text-align-center has-black-color has-text-color\"><strong>Suivi Naturo enfant<\/strong> (j<em>usqu&rsquo;\u00e0 15 ans )<\/em><br>Dur\u00e9e : 1h Tarif : 50\u20ac<\/p>\n\n\n\n<p class=\"has-text-align-center has-black-color has-text-color\"><strong>s\u00e9ance de sophrologie <\/strong>luminoth\u00e9rapie relaxoth\u00e9rapie lunettes PSIO avec bilan <br>Dur\u00e9e : 1H Tarif : 55\u20ac<\/p>\n\n\n\n<p class=\"has-text-align-center\"><strong>s\u00e9ance de sophrologie <\/strong>luminoth\u00e9rapie relaxoth\u00e9rapie lunettes PSIO <br>Dur\u00e9e : 30mn Tarif : 25\u20ac<\/p>\n\n\n\n<p class=\"has-text-align-center has-black-color has-text-color\"><strong>Massage th\u00e9rapeutique<\/strong> <br>Dur\u00e9e : 1H Tarif : 60\u20ac<\/p>\n\n\n\n<p class=\"has-text-align-center has-black-color has-text-color\"><strong>Massage th\u00e9rapeutique <\/strong><br>Dur\u00e9e : 1h30 Tarif : 90\u20ac<\/p>\n\n\n\n<p class=\"has-text-align-center has-black-color has-text-color\"><strong>Drainage lymphatique <\/strong><br>Dur\u00e9e : 1H<\/p>\n\n\n\n<p class=\"has-text-align-center has-black-color has-text-color\">Tarif : 75\u20ac ( 375\u20ac les 6 s\u00e9ances  ) <\/p>\n\n\n\n<p class=\"has-text-align-center has-black-color has-text-color\"><strong>Drainage lymphatique maderotherapie + enveloppement <\/strong><br>Dur\u00e9e : 1H30<\/p>\n\n\n\n<p class=\"has-text-align-center has-black-color has-text-color\">Tarif : 95\u20ac ( forfait 6 seances 475\u20ac ) <\/p>\n\n\n\n<p class=\"has-text-align-center has-black-color has-text-color\"><strong>Massage intuitif du dos <\/strong><br>Dur\u00e9e : 45mn<\/p>\n\n\n\n<p class=\"has-text-align-center has-black-color has-text-color\">Tarif : 60\u20ac<\/p>\n<\/div>\n<\/div>\n\n\n\n<hr class=\"wp-block-separator has-text-color has-css-opacity has-background is-style-wide\" style=\"background-color:#000000;color:#000000\"\/>\n\n\n\n<ul class=\"wp-block-list has-black-color has-text-color has-normal-font-size\">\n<li>D&rsquo;autres prestations sont a venir &#8230;.<\/li>\n<\/ul>\n\n\n\n<div class=\"wp-block-buttons alignfull is-horizontal is-content-justification-center is-layout-flex wp-container-core-buttons-is-layout-499968f5 wp-block-buttons-is-layout-flex\"><\/div>\n<\/div>\n\n\n\n<div class=\"wp-block-column has-text-color has-background has-link-color wp-elements-3249fe05b3bc1105ba9c0e34d6728f7d is-layout-flow wp-block-column-is-layout-flow\" style=\"color:#000000;background:linear-gradient(90deg,rgb(255,234,228) 0%,rgb(255,203,195) 100%);padding-top:2em;padding-right:2em;padding-bottom:2em;padding-left:2em;flex-basis:30%\">\n<div class=\"wp-block-buttons alignfull is-horizontal is-content-justification-center is-layout-flex wp-container-core-buttons-is-layout-499968f5 wp-block-buttons-is-layout-flex\"><\/div>\n<\/div>\n\n\n\n<div class=\"wp-block-column has-blush-light-purple-gradient-background has-text-color has-background has-link-color wp-elements-9dab67f35c12a7d6505ec806a480d1b1 is-layout-flow wp-block-column-is-layout-flow\" style=\"color:#000000;padding-top:2em;padding-right:2em;padding-bottom:2em;padding-left:2em;flex-basis:30%\">\n<h2 class=\"wp-block-heading has-text-align-center has-black-color has-text-color\" id=\"patron\" style=\"font-size:25px\"><strong>Human design<\/strong><\/h2>\n\n\n\n<hr class=\"wp-block-separator has-css-opacity\"\/>\n\n\n\n<p class=\"has-text-align-center has-black-color has-text-color has-normal-font-size\"><strong>1ere s\u00e9ance Lecture HD<\/strong> Tarif : 80\u20ac  Dur\u00e9e 1H30 environ <\/p>\n\n\n\n<p class=\"has-text-align-center has-black-color has-text-color\"><strong>Suivi Human design <\/strong><br>Dur\u00e9e 1H  Tarif : 60\u20ac<\/p>\n\n\n\n<p class=\"has-text-align-center\"><strong>Breathwork<\/strong> <strong>Chamanique<\/strong><\/p>\n\n\n\n<p class=\"has-text-align-center\">Dur\u00e9e 1H  Tarif : 60\u20ac<\/p>\n\n\n\n<p class=\"has-text-align-center\"><strong>Massage 9 chakras<\/strong>  Dur\u00e9e 1H   Tarif  75\u20ac<\/p>\n\n\n\n<p class=\"has-text-align-center\"><strong>Massage Kobido<\/strong> <\/p>\n\n\n\n<p class=\"has-text-align-center\">Dur\u00e9e : 1H  tarif  75\u20ac<\/p>\n\n\n\n<p class=\"has-text-align-center\"><strong>Soin energetique triangle d or d&rsquo;isis<\/strong><\/p>\n\n\n\n<p class=\"has-text-align-center\">Dur\u00e9e 1H  tarif : 60\u20ac<\/p>\n\n\n\n<p class=\"has-text-align-center\"><strong>Soin energetique reiki <\/strong><\/p>\n\n\n\n<p class=\"has-text-align-center\">Dur\u00e9e 1H  Tarif : 60\u20ac<\/p>\n\n\n\n<p class=\"has-text-align-center\"><strong>Massage energetique<\/strong> <\/p>\n\n\n\n<p class=\"has-text-align-center\">Dur\u00e9e 1H  Tarif 60\u20ac<\/p>\n\n\n\n<hr class=\"wp-block-separator has-css-opacity is-style-wide\"\/>\n\n\n\n<div class=\"wp-block-buttons alignfull is-horizontal is-content-justification-center is-layout-flex wp-container-core-buttons-is-layout-499968f5 wp-block-buttons-is-layout-flex\"><\/div>\n<\/div>\n<\/div>\n","protected":false},"excerpt":{"rendered":"<p>Voici la liste des tarifs du Centre Renait&rsquo;Sens Nos prestations ne sont pas rembours\u00e9es par la s\u00e9curit\u00e9 sociale mais beaucoup de mutuelles remboursent les s\u00e9ances, renseignez vous aupr\u00e8s de la votre . Naturopathie Bilan Naturopathique adulte + seance relaxationDur\u00e9e : 2h Tarif : 80\u20ac Bilan Naturo enfant (jusqu&rsquo;\u00e0 15 ans )Dur\u00e9e : 1h30 Tarif : &hellip; <\/p>\n<p class=\"link-more\"><a href=\"https:\/\/centrerenaitsens.com\/index.php\/tarifs\/\" class=\"more-link\">Continue reading<span class=\"screen-reader-text\"> \u00ab\u00a0Tarifs\u00a0\u00bb<\/span><\/a><\/p>\n","protected":false},"author":1,"featured_media":0,"parent":0,"menu_order":0,"comment_status":"closed","ping_status":"closed","template":"","meta":{"footnotes":""},"class_list":["post-43","page","type-page","status-publish","hentry"],"_links":{"self":[{"href":"https:\/\/centrerenaitsens.com\/index.php\/wp-json\/wp\/v2\/pages\/43","targetHints":{"allow":["GET"]}}],"collection":[{"href":"https:\/\/centrerenaitsens.com\/index.php\/wp-json\/wp\/v2\/pages"}],"about":[{"href":"https:\/\/centrerenaitsens.com\/index.php\/wp-json\/wp\/v2\/types\/page"}],"author":[{"embeddable":true,"href":"https:\/\/centrerenaitsens.com\/index.php\/wp-json\/wp\/v2\/users\/1"}],"replies":[{"embeddable":true,"href":"https:\/\/centrerenaitsens.com\/index.php\/wp-json\/wp\/v2\/comments?post=43"}],"version-history":[{"count":40,"href":"https:\/\/centrerenaitsens.com\/index.php\/wp-json\/wp\/v2\/pages\/43\/revisions"}],"predecessor-version":[{"id":412,"href":"https:\/\/centrerenaitsens.com\/index.php\/wp-json\/wp\/v2\/pages\/43\/revisions\/412"}],"wp:attachment":[{"href":"https:\/\/centrerenaitsens.com\/index.php\/wp-json\/wp\/v2\/media?parent=43"}],"curies":[{"name":"wp","href":"https:\/\/api.w.org\/{rel}","templated":true}]}}